{"id":461,"date":"2017-11-13T14:02:29","date_gmt":"2017-11-13T14:02:29","guid":{"rendered":"http:\/\/joanalomar.com\/?page_id=461\/"},"modified":"2024-01-17T08:36:54","modified_gmt":"2024-01-17T08:36:54","slug":"about","status":"publish","type":"page","link":"https:\/\/joanalomar.com\/ca\/about\/","title":{"rendered":"Estudi"},"content":{"rendered":"<section class=\"wpb-content-wrapper\"><p>[vc_row equal_height=&#8221;yes&#8221; content_placement=&#8221;top&#8221;][vc_column width=&#8221;1\/2&#8243;][vc_single_image image=&#8221;388&#8243; img_size=&#8221;full&#8221; alignment=&#8221;center&#8221;][\/vc_column][vc_column width=&#8221;1\/2&#8243;][vc_column_text]El nostre treball ocupa una \u00e0mplia gamma de disciplines arquitect\u00f2niques, des de la planificaci\u00f3 urbana fins a la rehabilitaci\u00f3 d&#8217;edificis. Per aquesta ra\u00f3, som una empresa amb vocaci\u00f3 cooperativa que compta amb una \u00e0mplia xarxa de col\u00b7laboradors.<\/p>\n<p>Creiem que per a un bon resultat en el nostre treball s&#8217;ha de ser capa\u00e7 de combinar coneixements de diferents camps: disseny arquitect\u00f2nic, processos constructius, integraci\u00f3 en el paisatge i planificaci\u00f3 urbana.<\/p>\n<h2 class=\"vc_custom_heading\" style=\"text-align: left;\">Joan Alomar<\/h2>\n<p>Arquitecte i urbanista per l&#8217;ETSAB (Escola T\u00e8cnica Superior d&#8217;Arquitectura de Barcelona) 2008, on va ser guardonat pel seu projecte de fi de carrera <em>Nova terminal de creuers a Palma de Mallorca<\/em>. Cofundador de Undoo_Arquitectes i Estudio Lunar Creative Platform. Guanyador d&#8217;Europan12 Gjilan (Kosovo) i Europan12 Regionale (Alemanya).<\/p>\n<p>Despr\u00e9s d&#8217;una \u00e0mplia experi\u00e8ncia de treball internacional a Mallorca, Barcelona i Pa\u00efsos Baixos, al 2017 estableix el seu propi estudi, JA arquitectura, operant des de Rotterdam (Pa\u00efsos Baixos), Mallorca i Formentera (Espanya).<\/p>\n<h2 class=\"vc_custom_heading\">Col\u00b7laboradors<\/h2>\n<p>Miquel Reyn\u00e9s \/ Marga Batle \/ Marta Companys \/ Juan Marcos Rodr\u00edguez D\u00edaz \/ Xisco Pascual Galm\u00e9s \/ Luc\u00eda Ribes \/ Filip Galic \/ J\u00falia Barba \/ Openfabric \/ Groendak \/ Missi\u00f321 arquitectes \/ Gradual ingenieros \/ SCOB[\/vc_column_text][\/vc_column][\/vc_row][vc_row equal_height=&#8221;yes&#8221; content_placement=&#8221;top&#8221;][vc_column width=&#8221;1\/2&#8243;][vc_single_image image=&#8221;4914&#8243; img_size=&#8221;medium&#8221; alignment=&#8221;center&#8221;][\/vc_column][vc_column width=&#8221;1\/2&#8243;][vc_column_text]<\/p>\n<h2><\/h2>\n<h2 class=\"vc_custom_heading\" style=\"text-align: left;\">Escaire arquitectura<\/h2>\n<p>El 2019 es crea Escaire arquitectura: associaci\u00f3 cooperativa formada pels socis Joan Alomar, Marga Batle i Miquel Reyn\u00e9s establerts a Mallorca donant continu\u00eftat al treball dels tres socis junts.<\/p>\n<p><a href=\"http:\/\/www.escairearq.es\">www.escairearq.es<\/a>[\/vc_column_text][\/vc_column][\/vc_row][vc_row][vc_column][vc_separator border_width=&#8221;10&#8243;][\/vc_column][\/vc_row][vc_row][vc_column width=&#8221;1\/2&#8243;][vc_column_text]PREMIS[\/vc_column_text][vc_column_text]<\/p>\n<h4>I Premi: concurs d&#8217;idees del Pla d&#8217;Impuls del Centre de Matar\u00f3, Catalunya<\/h4>\n<h5>JA arquitectura + SCOB + Jordi Henrich + J\u00falia Barba, 2018<\/h5>\n<p>[\/vc_column_text][vc_column_text]<\/p>\n<h4>Premi LIFE@UrbanRoofs pel concurs d&#8217;idees per la transformaci\u00f3 del Maassilo, Rotterdam, Pa\u00efsos Baixos<\/h4>\n<h5>JA arquitectura, 2018<\/h5>\n<p>[\/vc_column_text][vc_column_text]<\/p>\n<h4>II Premi: concurs d&#8217;idees per la transformaci\u00f3 del Maassilo, Rotterdam, Pa\u00efsos Baixos<\/h4>\n<h5>JA arquitectura, 2018<\/h5>\n<p>[\/vc_column_text][vc_column_text]<\/p>\n<h4>II Premi: Centre Socio-Cultural i Pla\u00e7a a G\u00e8nova, Palma<\/h4>\n<h5>JA arquitectura, 2018<\/h5>\n<p>[\/vc_column_text][vc_column_text]<\/p>\n<h4>Menci\u00f3 honor\u00edfica: Concurs per a la resid\u00e8ncia per gent major de Son Martorell, Palma<\/h4>\n<h5>JA arquitectura, 2017<\/h5>\n<p>[\/vc_column_text][vc_column_text]<\/p>\n<h4><a href=\"http:\/\/www.archdaily.com\/523008\/rabobank-westelijke-mijnstreek-advice-centre-mecanoo\" target=\"_blank\" rel=\"noopener\">Architizer A+ Award a la categoria de Architecture + Workplace per Rabobank Westelijke Mijnstreek Advice Centre, Pa\u00efsos Baixos<\/a><\/h4>\n<h5>Mecanoo architecten, 2015<\/h5>\n<p>[\/vc_column_text][vc_column_text]<\/p>\n<h4><a href=\"http:\/\/www.tile-award.com\/en\/participants\/2014-2\/\" target=\"_blank\" rel=\"noopener\">Tile Award 2014 (Agrob Buchtal)<\/a><\/h4>\n<h5>Estudio Lunar, 2014<\/h5>\n<p>[\/vc_column_text][vc_column_text]<\/p>\n<h4><a href=\"https:\/\/divisare.com\/projects\/248685-estudio-lunar-joan-alomar-javier-inigo-carmen-largacha-conxa-gene-juan-marcos-rodriguez-diaz-europan-12-gjilan-kovoso\">I Premi: Europan 12 Gjilan, Kosovo<\/a><\/h4>\n<h5>Estudio Lunar, 2013<\/h5>\n<p>[\/vc_column_text][vc_column_text]<\/p>\n<h4><a href=\"https:\/\/www.europan-europe.eu\/en\/exchanges\/Kein-land-fur-alte-manner\">I Premi (ex aequo): Europan 12 Regionale 2016, Alemanya<\/a><\/h4>\n<h5>Estudio Lunar, 2013<\/h5>\n<p>[\/vc_column_text][vc_column_text]<\/p>\n<h4><a href=\"http:\/\/www.mecanoo.nl\/Projects?project=71&amp;t=8\">I Premi: Concurs restringit pel nou Zaans Medisch Centrum. Zaanstad, Pa\u00efsos Baixos<\/a><\/h4>\n<h5>Mecanoo architecten, 2013<\/h5>\n<p>[\/vc_column_text][vc_column_text]<\/p>\n<h4><a href=\"https:\/\/www.archdaily.com\/290900\/iter-building-technology-park-2nd-prize-proposal-estudio-lunar\">II Premi: Concurs per al nou edifici de l&#8217;ITER. Tenerife, Espanya<\/a><\/h4>\n<h5>Estudio Lunar, 2012<\/h5>\n<p>[\/vc_column_text][vc_column_text]<\/p>\n<h4><a href=\"http:\/\/www.mecanoo.nl\/Projects?project=116\">II Premi: Concurs restringit per a la renovaci\u00f3 i ampliaci\u00f3 de campus de la ESA. Darmstadt, Alemanya<\/a><\/h4>\n<h5>Mecanoo architecten, 2010<\/h5>\n<p>[\/vc_column_text][vc_column_text]<\/p>\n<h4><a href=\"http:\/\/www.mecanoo.nl\/Projects\/project\/64\/Kiem-Special-Care-School?t=6\">I Premi: Concurs restringit per la nova escola SPON (Foundation Special Education Drechtsteden). Dordrecht, Pa\u00efsos Baixos<\/a><\/h4>\n<h5>Mecanoo architecten, 2011<\/h5>\n<p>[\/vc_column_text][vc_column_text]<\/p>\n<h4><a href=\"http:\/\/www.mecanoo.nl\/Projects\/project\/115\/CasArts-Theatre-Complex?t=15\">II Premi: Concurs restringit pel teatre nacional CasArt. Casablanca, Marroc<\/a><\/h4>\n<h5>Mecanoo architecten, 2009<\/h5>\n<p>[\/vc_column_text][vc_column_text]<\/p>\n<h4>Matricula d&#8217;honor Projecte Final de Carrera. ETSAB, Barcelona, Espanya<\/h4>\n<h5>2008<\/h5>\n<p>[\/vc_column_text][vc_column_text]<\/p>\n<h4><a href=\"http:\/\/www.coaib.org\/ca\/cultura\/area-de-cultura\/art-jove\/arxiu.aspx\">I Premi: ArtJove\u201905 per a la construcci\u00f3 de l&#8217;estand del COAIB a la fira Habitat 2005. Palma de Mallorca, Espanya<\/a><\/h4>\n<h5>2005<\/h5>\n<p>[\/vc_column_text][\/vc_column][vc_column width=&#8221;1\/2&#8243;][vc_column_text]PUBLICACIONS[\/vc_column_text][vc_column_text]<\/p>\n<h4>[ark] The StoJournal for Architects 04\/2013. <em>Casablanca sustainable market square<\/em> (portada i p. 46-49).<\/h4>\n<h5>Joan Alomar, 2015<\/h5>\n<p>[\/vc_column_text][vc_column_text]<\/p>\n<h4>Exposici\u00f3 Cut \u2019n\u2019 Paste: From Architectural Assemblage to Collage City.<\/h4>\n<h5>MoMa, New York. Joan Alomar, <em>Casablanca sustainable market square<\/em>, 2013.<\/h5>\n<p>[\/vc_column_text][vc_column_text]<\/p>\n<h4>Juan Herreros. ISLA CIUDAD Arquitectura y Energ\u00eda en Mallorca. Joan Alomar, Matias Nieto i Francisco Su\u00e1rez, Artefactos (03.15).<\/h4>\n<h5>Barcelona: Col\u00b7legi oficial d\u2019Arquitectes de les Illes Balears \/ ACTAR, 2004<\/h5>\n<p>[\/vc_column_text][\/vc_column][\/vc_row][vc_row][vc_column][vc_separator border_width=&#8221;10&#8243;][\/vc_column][\/vc_row][vc_row][vc_column][vc_column_text]SERVEIS[\/vc_column_text][\/vc_column][\/vc_row][vc_row][vc_column width=&#8221;1\/3&#8243;][vc_column_text]<\/p>\n<h2 class=\"vc_custom_heading\">Arquitectura<\/h2>\n<p>Obra nova, reformes, rehabilitaci\u00f3 i reforma clim\u00e0tica. Interiorisme. Edificaci\u00f3 p\u00fablica i privada.[\/vc_column_text][\/vc_column][vc_column width=&#8221;1\/3&#8243;][vc_column_text]<\/p>\n<h2 class=\"vc_custom_heading\">Espai p\u00fablic i Planificaci\u00f3 urbana<\/h2>\n<p>Disseny d\u2019espais p\u00fablics, pacificaci\u00f3 del tr\u00e0fic, estrat\u00e8gies de mobilitat i planificaci\u00f3 urbana.[\/vc_column_text][\/vc_column][vc_column width=&#8221;1\/3&#8243;][vc_column_text]<\/p>\n<h2 class=\"vc_custom_heading\">Solucions t\u00e8cniques<\/h2>\n<p>Certificats energ\u00e8tics, permisos de construcci\u00f3, c\u00e8dules d\u2019habitabilitat, modificacions cadastrals, legalitzacions, taxacions.[\/vc_column_text][\/vc_column][\/vc_row]<\/p>\n<\/section>","protected":false},"excerpt":{"rendered":"<p>[vc_row equal_height=&#8221;yes&#8221; content_placement=&#8221;top&#8221;][vc_column width=&#8221;1\/2&#8243;][vc_single_image image=&#8221;388&#8243; img_size=&#8221;full&#8221; alignment=&#8221;center&#8221;][\/vc_column][vc_column width=&#8221;1\/2&#8243;][vc_column_text]El nostre treball ocupa una \u00e0mplia gamma de disciplines arquitect\u00f2niques, des de la planificaci\u00f3 urbana fins a la rehabilitaci\u00f3 d&#8217;edificis. Per aquesta ra\u00f3, som una empresa amb vocaci\u00f3 cooperativa que compta amb una \u00e0mplia xarxa de col\u00b7laboradors. Creiem que per a un bon<\/p>\n<div class=\"post-button\">\n\t\t\t   <a href=\"https:\/\/joanalomar.com\/ca\/about\/\">Read More<\/a>\n\t\t\t<\/div>\n","protected":false},"author":1,"featured_media":0,"parent":0,"menu_order":0,"comment_status":"closed","ping_status":"open","template":"template-page.php","meta":[],"_links":{"self":[{"href":"https:\/\/joanalomar.com\/ca\/wp-json\/wp\/v2\/pages\/461"}],"collection":[{"href":"https:\/\/joanalomar.com\/ca\/wp-json\/wp\/v2\/pages"}],"about":[{"href":"https:\/\/joanalomar.com\/ca\/wp-json\/wp\/v2\/types\/page"}],"author":[{"embeddable":true,"href":"https:\/\/joanalomar.com\/ca\/wp-json\/wp\/v2\/users\/1"}],"replies":[{"embeddable":true,"href":"https:\/\/joanalomar.com\/ca\/wp-json\/wp\/v2\/comments?post=461"}],"version-history":[{"count":1,"href":"https:\/\/joanalomar.com\/ca\/wp-json\/wp\/v2\/pages\/461\/revisions"}],"predecessor-version":[{"id":5232,"href":"https:\/\/joanalomar.com\/ca\/wp-json\/wp\/v2\/pages\/461\/revisions\/5232"}],"wp:attachment":[{"href":"https:\/\/joanalomar.com\/ca\/wp-json\/wp\/v2\/media?parent=461"}],"curies":[{"name":"wp","href":"https:\/\/api.w.org\/{rel}","templated":true}]}}