{"id":496,"date":"2017-11-13T14:36:18","date_gmt":"2017-11-13T14:36:18","guid":{"rendered":"http:\/\/joanalomar.com\/?page_id=496\/"},"modified":"2023-11-25T18:14:49","modified_gmt":"2023-11-25T18:14:49","slug":"home","status":"publish","type":"page","link":"https:\/\/joanalomar.com\/ca\/","title":{"rendered":"HOME"},"content":{"rendered":"<section class=\"wpb-content-wrapper\"><p>[vc_row][vc_column]\n\t\t\t<!-- START HOME Parallax REVOLUTION SLIDER 6.2.14 --><p class=\"rs-p-wp-fix\"><\/p>\n\t\t\t<rs-module-wrap id=\"rev_slider_10_1_wrapper\" data-source=\"gallery\" style=\"background:#000000;padding:0;\">\n\t\t\t\t<rs-module id=\"rev_slider_10_1\" style=\"\" data-version=\"6.2.14\">\n\t\t\t\t\t<rs-slides>\n\t\t\t\t\t\t<rs-slide data-key=\"rs-47\" data-title=\"maassilo\" data-thumb=\"\/\/joanalomar.com\/wp-content\/uploads\/2018\/10\/Maassilo-transformation_Elevation-view-100x50.jpg\" data-anim=\"ei:power4.out;eo:power4.out;r:0;t:fade;sl:d;\">\n\t\t\t\t\t\t\t<img src=\"\/\/joanalomar.com\/wp-content\/uploads\/2018\/10\/Maassilo-transformation_Elevation-view.jpg\" title=\"HOME\" data-bg=\"p:center top;\" data-parallax=\"3\" data-panzoom=\"d:7000;ss:100;se:115;\" class=\"rev-slidebg\" data-no-retina>\n<!---->\t\t\t\t\t\t<\/rs-slide>\n\t\t\t\t\t\t<rs-slide data-key=\"rs-43\" data-title=\"maassilo\" data-thumb=\"\/\/joanalomar.com\/wp-content\/uploads\/2018\/10\/Maassilo-roof-transformation-Events-stage-100x50.jpg\" data-anim=\"ei:power4.out;eo:power4.out;r:0;t:fade;sl:d;\">\n\t\t\t\t\t\t\t<img src=\"\/\/joanalomar.com\/wp-content\/uploads\/2018\/10\/Maassilo-roof-transformation-Events-stage.jpg\" title=\"HOME\" data-bg=\"p:center bottom;\" data-parallax=\"3\" data-panzoom=\"d:7000;ss:100;se:115;os:0\/25;\" class=\"rev-slidebg\" data-no-retina>\n<!---->\t\t\t\t\t\t<\/rs-slide>\n\t\t\t\t\t\t<rs-slide data-key=\"rs-44\" data-title=\"g\u00e8nova\" data-thumb=\"\/\/joanalomar.com\/wp-content\/uploads\/2018\/05\/01_Aerial-View-100x50.jpg\" data-anim=\"ei:power4.out;eo:power4.out;r:0;t:fade;sl:d;\">\n\t\t\t\t\t\t\t<img src=\"\/\/joanalomar.com\/wp-content\/uploads\/2018\/05\/01_Aerial-View.jpg\" title=\"HOME\" data-parallax=\"3\" data-panzoom=\"d:7000;ss:100;se:115;\" class=\"rev-slidebg\" data-no-retina>\n<!---->\t\t\t\t\t\t<\/rs-slide>\n\t\t\t\t\t\t<rs-slide data-key=\"rs-45\" data-title=\"primer pis\" data-thumb=\"\/\/joanalomar.com\/wp-content\/uploads\/2017\/08\/01-JOAN-ALOMAR-SA-SIRENA-15-mod01-100x50.jpg\" data-anim=\"ei:power4.out;eo:power4.out;r:0;t:fade;sl:d;\">\n\t\t\t\t\t\t\t<img src=\"\/\/joanalomar.com\/wp-content\/uploads\/2017\/08\/01-JOAN-ALOMAR-SA-SIRENA-15-mod01.jpg\" title=\"HOME\" data-parallax=\"3\" data-panzoom=\"d:7000;ss:100;se:115;\" class=\"rev-slidebg\" data-no-retina>\n<!---->\t\t\t\t\t\t<\/rs-slide>\n\t\t\t\t\t\t<rs-slide data-key=\"rs-46\" data-title=\"son martorell\" data-thumb=\"\/\/joanalomar.com\/wp-content\/uploads\/2017\/08\/Garden-Front_RGB_web_square-100x50.jpg\" data-anim=\"ei:power4.out;eo:power4.out;r:0;t:fade;sl:d;\">\n\t\t\t\t\t\t\t<img src=\"\/\/joanalomar.com\/wp-content\/uploads\/2017\/08\/Garden-Front_RGB_web_square.jpg\" title=\"HOME\" data-bg=\"p:center bottom;\" data-parallax=\"3\" data-panzoom=\"d:7000;ss:100;se:115;\" class=\"rev-slidebg\" data-no-retina>\n<!---->\t\t\t\t\t\t<\/rs-slide>\n\t\t\t\t\t<\/rs-slides>\n\t\t\t\t<\/rs-module>\n\t\t\t\t<script>\n\t\t\t\t\tvar htmlDivCss = unescape(\"%0A%0A%0A%0A%0A\");\n\t\t\t\t\tvar htmlDiv = document.getElementById('rs-plugin-settings-inline-css');\n\t\t\t\t\tif(htmlDiv) {\n\t\t\t\t\t\thtmlDiv.innerHTML = htmlDiv.innerHTML + htmlDivCss;\n\t\t\t\t\t}else{\n\t\t\t\t\t\tvar htmlDiv = document.createElement('div');\n\t\t\t\t\t\thtmlDiv.innerHTML = '<style>' + htmlDivCss + '<\/style>';\n\t\t\t\t\t\tdocument.getElementsByTagName('head')[0].appendChild(htmlDiv.childNodes[0]);\n\t\t\t\t\t}\n\t\t\t\t<\/script>\n\t\t\t<\/rs-module-wrap>\n\t\t\t<!-- END REVOLUTION SLIDER -->\n[vc_empty_space height=&#8221;20px&#8221;][\/vc_column][\/vc_row][vc_row][vc_column][vc_column_text css=&#8221;.vc_custom_1616359481865{margin-top: 10px !important;}&#8221;]<a href=\"https:\/\/joanalomar.com\/projects\/\">PROJECTES<\/a>[\/vc_column_text]<div class=\"portfolioContainer minimal\"><div class=\"gutter-sizer\"><\/div><article class=\"portfolio-column-four element-item\"><div class=\"overlay-box\"><a href=\"https:\/\/joanalomar.com\/ca\/portfolio\/apartaments-gabriel-roca\/\"><div style=\"background-image:url(https:\/\/joanalomar.com\/wp-content\/uploads\/2023\/11\/Apartaments-Gabriel-Roca-05-scaled.jpg)\" class=\"work-box\"><\/div><div class=\"overlay-wrap\"><div class=\"overlay\"><h2>Apartaments Gabriel Roca<\/h2><\/div><\/div><\/a><\/div><\/article><article class=\"portfolio-column-four element-item\"><div class=\"overlay-box\"><a href=\"https:\/\/joanalomar.com\/ca\/portfolio\/can-bernat-i-na-silvia\/\"><div style=\"background-image:url(https:\/\/joanalomar.com\/wp-content\/uploads\/2023\/11\/Vista-Serra-de-Tramuntana-scaled.jpg)\" class=\"work-box\"><\/div><div class=\"overlay-wrap\"><div class=\"overlay\"><h2>Can Bernat i na Silvia<\/h2><\/div><\/div><\/a><\/div><\/article><article class=\"portfolio-column-four element-item\"><div class=\"overlay-box\"><a href=\"https:\/\/joanalomar.com\/ca\/portfolio\/ca-na-joana-i-en-biel\/\"><div style=\"background-image:url(https:\/\/joanalomar.com\/wp-content\/uploads\/2023\/11\/Ca-na-Joana-i-en-Biel-Entrada-2-scaled.jpg)\" class=\"work-box\"><\/div><div class=\"overlay-wrap\"><div class=\"overlay\"><h2>Ca na Joana i en Biel<\/h2><\/div><\/div><\/a><\/div><\/article><article class=\"portfolio-column-four element-item\"><div class=\"overlay-box\"><a href=\"https:\/\/joanalomar.com\/ca\/portfolio\/primer-pis\/\"><div style=\"background-image:url(https:\/\/joanalomar.com\/wp-content\/uploads\/2021\/03\/GR43037.jpg)\" class=\"work-box\"><\/div><div class=\"overlay-wrap\"><div class=\"overlay\"><h2>Primer pis<\/h2><\/div><\/div><\/a><\/div><\/article><article class=\"portfolio-column-four element-item\"><div class=\"overlay-box\"><a href=\"https:\/\/joanalomar.com\/ca\/portfolio\/hotel-sol-i-mar\/\"><div style=\"background-image:url(https:\/\/joanalomar.com\/wp-content\/uploads\/2016\/05\/D8A5153.jpg)\" class=\"work-box\"><\/div><div class=\"overlay-wrap\"><div class=\"overlay\"><h2>Hotel Sol i Mar<\/h2><\/div><\/div><\/a><\/div><\/article><article class=\"portfolio-column-four element-item\"><div class=\"overlay-box\"><a href=\"https:\/\/joanalomar.com\/ca\/portfolio\/casa-de-les-dunes-i\/\"><div style=\"background-image:url(https:\/\/joanalomar.com\/wp-content\/uploads\/2018\/12\/Maqueta-Casa-Dunas-2.jpg)\" class=\"work-box\"><\/div><div class=\"overlay-wrap\"><div class=\"overlay\"><h2>Casa de les dunes I<\/h2><\/div><\/div><\/a><\/div><\/article><article class=\"portfolio-column-four element-item\"><div class=\"overlay-box\"><a href=\"https:\/\/joanalomar.com\/ca\/portfolio\/transformacio-del-maassilo\/\"><div style=\"background-image:url(https:\/\/joanalomar.com\/wp-content\/uploads\/2018\/10\/Maassilo-transformation_Elevation-view.jpg)\" class=\"work-box\"><\/div><div class=\"overlay-wrap\"><div class=\"overlay\"><h2>Transformaci\u00f3 del Maassilo<\/h2><\/div><\/div><\/a><\/div><\/article><article class=\"portfolio-column-four element-item\"><div class=\"overlay-box\"><a href=\"https:\/\/joanalomar.com\/ca\/portfolio\/reforma-de-lavinguda-joan-castello-guasch\/\"><div style=\"background-image:url(https:\/\/joanalomar.com\/wp-content\/uploads\/2018\/09\/Av.-Joan-Castello-Guasch-Sant-Ferran-09-scaled.jpg)\" class=\"work-box\"><\/div><div class=\"overlay-wrap\"><div class=\"overlay\"><h2>Reforma de l&#8217;Avinguda Joan Castell\u00f3 Guasch<\/h2><\/div><\/div><\/a><\/div><\/article><article class=\"portfolio-column-four element-item\"><div class=\"overlay-box\"><a href=\"https:\/\/joanalomar.com\/ca\/portfolio\/24-social-housing-in-ibiza\/\"><div style=\"background-image:url(https:\/\/joanalomar.com\/wp-content\/uploads\/2018\/08\/IBAVI-IBIZA-Exterior-Facade.jpg)\" class=\"work-box\"><\/div><div class=\"overlay-wrap\"><div class=\"overlay\"><h2>24 Habitatges a Eivissa<\/h2><\/div><\/div><\/a><\/div><\/article><article class=\"portfolio-column-four element-item\"><div class=\"overlay-box\"><a href=\"https:\/\/joanalomar.com\/ca\/portfolio\/reforma-urbana-del-carrer-guillem-de-montgri-i-carrer-valencia\/\"><div style=\"background-image:url(https:\/\/joanalomar.com\/wp-content\/uploads\/2021\/03\/YDRAY-La-Savina-aerea-113.jpg)\" class=\"work-box\"><\/div><div class=\"overlay-wrap\"><div class=\"overlay\"><h2>Reforma urbana del Carrer Guillem de Montgr\u00ed i Carrer Val\u00e8ncia<\/h2><\/div><\/div><\/a><\/div><\/article><article class=\"portfolio-column-four element-item\"><div class=\"overlay-box\"><a href=\"https:\/\/joanalomar.com\/ca\/portfolio\/centre-socio-cultural-genova\/\"><div style=\"background-image:url(https:\/\/joanalomar.com\/wp-content\/uploads\/2018\/05\/01_Aerial-View.jpg)\" class=\"work-box\"><\/div><div class=\"overlay-wrap\"><div class=\"overlay\"><h2>Centre Socio-Cultural G\u00e8nova<\/h2><\/div><\/div><\/a><\/div><\/article><article class=\"portfolio-column-four element-item\"><div class=\"overlay-box\"><a href=\"https:\/\/joanalomar.com\/ca\/portfolio\/la-defensora-sollerense-theater\/\"><div style=\"background-image:url(https:\/\/joanalomar.com\/wp-content\/uploads\/2018\/02\/01-Balcony-view_v1_RGB.jpg)\" class=\"work-box\"><\/div><div class=\"overlay-wrap\"><div class=\"overlay\"><h2>Teatre &#8220;La Defensora Sollerense&#8221;<\/h2><\/div><\/div><\/a><\/div><\/article><\/div>[vc_btn title=&#8221;m\u00e9s projectes&#8221; shape=&#8221;square&#8221; size=&#8221;sm&#8221; link=&#8221;url:http%3A%2F%2Fjoanalomar.com%2Fca%2Fprojectes%2F|title:Projectes&#8221;][vc_empty_space][\/vc_column][\/vc_row][vc_row][vc_column][vc_column_text]NOTICIES[\/vc_column_text][vc_basic_grid post_type=&#8221;post&#8221; max_items=&#8221;100&#8243; style=&#8221;lazy&#8221; items_per_page=&#8221;4&#8243; element_width=&#8221;3&#8243; gap=&#8221;5&#8243; item=&#8221;1441&#8243; initial_loading_animation=&#8221;none&#8221; grid_id=&#8221;vc_gid:1700936069227-ead3796e-1dbf-1&#8243;][\/vc_column][\/vc_row][vc_row][vc_column][vc_empty_space height=&#8221;20px&#8221;][\/vc_column][\/vc_row][vc_row][vc_column offset=&#8221;vc_hidden-xs&#8221;][vc_column_text]SERVEIS[\/vc_column_text][\/vc_column][\/vc_row][vc_row][vc_column width=&#8221;1\/3&#8243; offset=&#8221;vc_hidden-xs&#8221;][vc_column_text]<\/p>\n<h2 class=\"vc_custom_heading\" style=\"text-align: left;\">Arquitectura<\/h2>\n<p style=\"text-align: left;\">Obra nova, reformes, rehabilitaci\u00f3 i reforma clim\u00e0tica. Interiorisme. Edificaci\u00f3 p\u00fablica i privada.<\/p>\n<p>[\/vc_column_text][\/vc_column][vc_column width=&#8221;1\/3&#8243; offset=&#8221;vc_hidden-xs&#8221;][vc_column_text]<\/p>\n<h2 class=\"vc_custom_heading\" style=\"text-align: left;\">Espai p\u00fablic i planificaci\u00f3 urbana<\/h2>\n<p>Disseny d&#8217;espais p\u00fablics, pacificaci\u00f3 del tr\u00e0fic, estrat\u00e8gies de mobilitat i planificaci\u00f3 urbana.[\/vc_column_text][\/vc_column][vc_column width=&#8221;1\/3&#8243; offset=&#8221;vc_hidden-xs&#8221;][vc_column_text]<\/p>\n<h2 class=\"vc_custom_heading\" style=\"text-align: left;\">Solucions t\u00e8cniques<\/h2>\n<p>Certificats energ\u00e8tics, permisos de construcci\u00f3, c\u00e8dules d&#8217;habitabilitat, modificacions cadastrals, legalitzacions, taxacions.[\/vc_column_text][\/vc_column][\/vc_row]<\/p>\n<\/section>","protected":false},"excerpt":{"rendered":"<p>[vc_row][vc_column][vc_empty_space height=&#8221;20px&#8221;][\/vc_column][\/vc_row][vc_row][vc_column][vc_column_text css=&#8221;.vc_custom_1616359481865{margin-top: 10px !important;}&#8221;]PROJECTES[\/vc_column_text][vc_btn title=&#8221;m\u00e9s projectes&#8221; shape=&#8221;square&#8221; size=&#8221;sm&#8221; link=&#8221;url:http%3A%2F%2Fjoanalomar.com%2Fca%2Fprojectes%2F|title:Projectes&#8221;][vc_empty_space][\/vc_column][\/vc_row][vc_row][vc_column][vc_column_text]NOTICIES[\/vc_column_text][vc_basic_grid post_type=&#8221;post&#8221; max_items=&#8221;100&#8243; style=&#8221;lazy&#8221; items_per_page=&#8221;4&#8243; element_width=&#8221;3&#8243; gap=&#8221;5&#8243; item=&#8221;1441&#8243; initial_loading_animation=&#8221;none&#8221; grid_id=&#8221;vc_gid:1700936069227-ead3796e-1dbf-1&#8243;][\/vc_column][\/vc_row][vc_row][vc_column][vc_empty_space height=&#8221;20px&#8221;][\/vc_column][\/vc_row][vc_row][vc_column offset=&#8221;vc_hidden-xs&#8221;][vc_column_text]SERVEIS[\/vc_column_text][\/vc_column][\/vc_row][vc_row][vc_column width=&#8221;1\/3&#8243; offset=&#8221;vc_hidden-xs&#8221;][vc_column_text] Arquitectura Obra nova, reformes, rehabilitaci\u00f3 i reforma clim\u00e0tica. Interiorisme. Edificaci\u00f3 p\u00fablica i privada. [\/vc_column_text][\/vc_column][vc_column width=&#8221;1\/3&#8243; offset=&#8221;vc_hidden-xs&#8221;][vc_column_text] Espai p\u00fablic i planificaci\u00f3 urbana Disseny d&#8217;espais p\u00fablics, pacificaci\u00f3 del tr\u00e0fic,<\/p>\n<div class=\"post-button\">\n\t\t\t   <a href=\"https:\/\/joanalomar.com\/ca\/portfolio\/la-defensora-sollerense-theater\/\">Read More<\/a>\n\t\t\t<\/div>\n","protected":false},"author":1,"featured_media":0,"parent":0,"menu_order":0,"comment_status":"closed","ping_status":"open","template":"template-page.php","meta":[],"_links":{"self":[{"href":"https:\/\/joanalomar.com\/ca\/wp-json\/wp\/v2\/pages\/496"}],"collection":[{"href":"https:\/\/joanalomar.com\/ca\/wp-json\/wp\/v2\/pages"}],"about":[{"href":"https:\/\/joanalomar.com\/ca\/wp-json\/wp\/v2\/types\/page"}],"author":[{"embeddable":true,"href":"https:\/\/joanalomar.com\/ca\/wp-json\/wp\/v2\/users\/1"}],"replies":[{"embeddable":true,"href":"https:\/\/joanalomar.com\/ca\/wp-json\/wp\/v2\/comments?post=496"}],"version-history":[{"count":1,"href":"https:\/\/joanalomar.com\/ca\/wp-json\/wp\/v2\/pages\/496\/revisions"}],"predecessor-version":[{"id":5098,"href":"https:\/\/joanalomar.com\/ca\/wp-json\/wp\/v2\/pages\/496\/revisions\/5098"}],"wp:attachment":[{"href":"https:\/\/joanalomar.com\/ca\/wp-json\/wp\/v2\/media?parent=496"}],"curies":[{"name":"wp","href":"https:\/\/api.w.org\/{rel}","templated":true}]}}