{"id":491,"date":"2017-11-13T14:22:51","date_gmt":"2017-11-13T14:22:51","guid":{"rendered":"http:\/\/joanalomar.com\/?page_id=491\/"},"modified":"2024-01-17T08:38:52","modified_gmt":"2024-01-17T08:38:52","slug":"about","status":"publish","type":"page","link":"https:\/\/joanalomar.com\/es\/about\/","title":{"rendered":"Estudio"},"content":{"rendered":"<section class=\"wpb-content-wrapper\"><p>[vc_row equal_height=\u00bbyes\u00bb content_placement=\u00bbtop\u00bb][vc_column width=\u00bb1\/2&#8243;][vc_single_image image=\u00bb388&#8243; img_size=\u00bbfull\u00bb alignment=\u00bbcenter\u00bb][\/vc_column][vc_column width=\u00bb1\/2&#8243;][vc_column_text]Nuestro trabajo ocupa una amplia gama de disciplinas arquitect\u00f3nicas, desde la planificaci\u00f3n urbana hasta la rehabilitaci\u00f3n de edificios. Por esta raz\u00f3n, somos una empresa con vocaci\u00f3n cooperativa con una amplia red de colaboradores.<\/p>\n<p>Creemos que para un buen resultado en nuestro trabajo se debe ser capaz de combinar conocimientos de diferentes campos: dise\u00f1o arquitect\u00f3nico, procesos de construcci\u00f3n, integraci\u00f3n en el paisaje y planificaci\u00f3n urbana.<\/p>\n<h2 class=\"vc_custom_heading\" style=\"text-align: left;\">Joan Alomar<\/h2>\n<p>Arquitecto y urbanista por la ETSAB (Escuela T\u00e9cnica Superior de Arquitectura de Barcelona) 2008, donde fue galardonado por su proyecto de fin de carrera <em>Nueva terminal de cruceros en Palma de Mallorca<\/em>. Cofundador de Undoo_Arquitectes y Estudio Lunar Creative Platform, ganador de Europan 12 Gjilan (Kosovo) y Europan 12 Regionale 2016 (Alemania).<\/p>\n<p>Despu\u00e9s de una amplia experiencia de trabajo internacional en Mallorca, Barcelona y los Pa\u00edses Bajos, en 2017 establece su propio estudio, JA arquitectura, operando desde Rotterdam (Pa\u00edses Bajos), Mallorca y Formentera (Espa\u00f1a).<\/p>\n<h2 class=\"vc_custom_heading\">Colaboradores<\/h2>\n<p>Miquel Reyn\u00e9s \/ Marga Batle \/ Marta Companys \/ Juan Marcos Rodr\u00edguez D\u00edaz \/ Xisco Pascual Galm\u00e9s \/ Luc\u00eda Ribes \/ Filip Galic \/ J\u00falia Barba \/ Openfabric \/ Groendak \/ Missi\u00f321 arquitectes \/ Gradual ingenieros \/ SCOB[\/vc_column_text][\/vc_column][\/vc_row][vc_row equal_height=\u00bbyes\u00bb content_placement=\u00bbtop\u00bb][vc_column width=\u00bb1\/2&#8243;][vc_single_image image=\u00bb4915&#8243; img_size=\u00bbmedium\u00bb alignment=\u00bbcenter\u00bb][\/vc_column][vc_column width=\u00bb1\/2&#8243;][vc_column_text]<\/p>\n<h2><\/h2>\n<h2 class=\"vc_custom_heading\" style=\"text-align: left;\">Escaire arquitectura<\/h2>\n<p>En 2019 se crea Escaire arquitectura: asociaci\u00f3n cooperativa formada por los socios Joan Alomar, Marga Batle y Miquel Reyn\u00e9s establecida en Mallorca dando continuidad al trabajo de los tres socios de forma conjunta.<\/p>\n<p><a href=\"http:\/\/www.escairearq.es\">www.escairearq.es<\/a>[\/vc_column_text][\/vc_column][\/vc_row][vc_row][vc_column][vc_separator border_width=\u00bb10&#8243;][\/vc_column][\/vc_row][vc_row][vc_column width=\u00bb1\/2&#8243;][vc_column_text]PREMIOS[\/vc_column_text][vc_column_text]<\/p>\n<h4>I Premio: concurso de ideas del Plan de Impulso del Centro de Matar\u00f3, Catalu\u00f1a<\/h4>\n<h5>JA arquitectura + SCOB + Jordi Henrich + J\u00falia Barba, 2018<\/h5>\n<p>[\/vc_column_text][vc_column_text]<\/p>\n<h4>Premio LIFE@UrbanRoofs por el concurso de ideas para la transformaci\u00f3n del Maassilo, Rotterdam, Pa\u00edses Bajos<\/h4>\n<h5>JA arquitectura, 2018<\/h5>\n<p>[\/vc_column_text][vc_column_text]<\/p>\n<h4>II Premio: Concurso de ideas para la transformaci\u00f3n del Maassilo, Rotterdam, Pa\u00edses Bajos<\/h4>\n<h5>JA arquitectura, 2018<\/h5>\n<p>[\/vc_column_text][vc_column_text]<\/p>\n<h4>II Premio: Centro Socio-Cultural y Plaza en G\u00e9nova, Palma de Mallorca<\/h4>\n<h5>JA arquitectura, 2018<\/h5>\n<p>[\/vc_column_text][vc_column_text]<\/p>\n<h4>Menci\u00f3n honor\u00edfica: Residencia para moyores Son Martorell, Palma de Mallorca<\/h4>\n<h5>JA arquitectura, 2017<\/h5>\n<p>[\/vc_column_text][vc_column_text]<\/p>\n<h4><a href=\"http:\/\/www.archdaily.com\/523008\/rabobank-westelijke-mijnstreek-advice-centre-mecanoo\" target=\"_blank\" rel=\"noopener\">Premio Architizer A+ en la categor\u00eda de Architecture + Workplace por Rabobank Westelijke Mijnstreek Advice Centre, Pa\u00edses Bajos<\/a><\/h4>\n<h5>Mecanoo architecten, 2015<\/h5>\n<p>[\/vc_column_text][vc_column_text]<\/p>\n<h4><a href=\"http:\/\/www.tile-award.com\/en\/participants\/2014-2\/\" target=\"_blank\" rel=\"noopener\">Tile Award 2014 (Agrob Buchtal)<\/a><\/h4>\n<h5>Estudio Lunar, 2014<\/h5>\n<p>[\/vc_column_text][vc_column_text]<\/p>\n<h4><a href=\"https:\/\/divisare.com\/projects\/248685-estudio-lunar-joan-alomar-javier-inigo-carmen-largacha-conxa-gene-juan-marcos-rodriguez-diaz-europan-12-gjilan-kovoso\">I Premio: Europan 12 Gjilan, Kosovo<\/a><\/h4>\n<h5>Estudio Lunar, 2013<\/h5>\n<p>[\/vc_column_text][vc_column_text]<\/p>\n<h4><a href=\"https:\/\/www.europan-europe.eu\/en\/exchanges\/Kein-land-fur-alte-manner\">I Premio (ex aequo): Europan 12 Regionale 2016, Alemania<\/a><\/h4>\n<h5>Estudio Lunar, 2013<\/h5>\n<p>[\/vc_column_text][vc_column_text]<\/p>\n<h4><a href=\"http:\/\/www.mecanoo.nl\/Projects?project=71&amp;t=8\">I Premio: Concurso restringido para el nuevo Zaans Medisch Centrum. Zaanstad, Pa\u00edses Bajos<\/a><\/h4>\n<h5>Mecanoo architecten, 2013<\/h5>\n<p>[\/vc_column_text][vc_column_text]<\/p>\n<h4><a href=\"https:\/\/www.archdaily.com\/290900\/iter-building-technology-park-2nd-prize-proposal-estudio-lunar\">II Premio: Concurso para el nuevo edificio del ITER. Tenerife, Espa\u00f1a<\/a><\/h4>\n<h5>Estudio Lunar, 2012<\/h5>\n<p>[\/vc_column_text][vc_column_text]<\/p>\n<h4><a href=\"http:\/\/www.mecanoo.nl\/Projects?project=116\">II Premio: Concurso restringido para la renovaci\u00f3n y ampliaci\u00f3n de campus de la ESA. Darmstadt, Alemania<\/a><\/h4>\n<h5>Mecanoo architecten, 2010<\/h5>\n<p>[\/vc_column_text][vc_column_text]<\/p>\n<h4><a href=\"http:\/\/www.mecanoo.nl\/Projects\/project\/64\/Kiem-Special-Care-School?t=6\">I Premio: Concurso restringido para la nueva escuela SPON (Foundation Special Education Drechtsteden). Dordrecht, Pa\u00edses Bajos<\/a><\/h4>\n<h5>Mecanoo architecten, 2011<\/h5>\n<p>[\/vc_column_text][vc_column_text]<\/p>\n<h4><a href=\"http:\/\/www.mecanoo.nl\/Projects\/project\/115\/CasArts-Theatre-Complex?t=15\">II Premio: Concurso restringido para el teatro nacional CasArt. Casablanca, Marruecos<\/a><\/h4>\n<h5>Mecanoo architecten, 2009<\/h5>\n<p>[\/vc_column_text][vc_column_text]<\/p>\n<h4>Matricula de honor Proyecto Final de Carrera. ETSAB, Barcelona, Espa\u00f1a<\/h4>\n<h5>2008<\/h5>\n<p>[\/vc_column_text][vc_column_text]<\/p>\n<h4><a href=\"http:\/\/www.coaib.org\/ca\/cultura\/area-de-cultura\/art-jove\/arxiu.aspx\">I Premio: ArtJove\u201905 para la construcci\u00f3n del estand del COAIB en la feria Habitat 2005. Palma de Mallorca, Espa\u00f1a<\/a><\/h4>\n<h5>2005<\/h5>\n<p>[\/vc_column_text][\/vc_column][vc_column width=\u00bb1\/2&#8243;][vc_column_text]PUBLICACIONES[\/vc_column_text][vc_column_text]<\/p>\n<h4>[ark] The StoJournal for Architects 04\/2013. <em>Casablanca sustainable market square<\/em> (portada y p. 46-49).<\/h4>\n<h5>Joan Alomar, 2015<\/h5>\n<p>[\/vc_column_text][vc_column_text]<\/p>\n<h4>Exposici\u00f3n Cut \u2019n\u2019 Paste: From Architectural Assemblage to Collage City.<\/h4>\n<h5>MoMa, New York. Joan Alomar, <em>Casablanca sustainable market square<\/em>, 2013.<\/h5>\n<p>[\/vc_column_text][vc_column_text]<\/p>\n<h4>Juan Herreros. ISLA CIUDAD Arquitectura y Energ\u00eda en Mallorca. Joan Alomar, Matias Nieto y Francisco Su\u00e1rez, Artefactos (03.15).<\/h4>\n<h5>Barcelona: Col\u00b7legi oficial d\u2019Arquitectes de les Illes Balears \/ ACTAR, 2004<\/h5>\n<p>[\/vc_column_text][\/vc_column][\/vc_row]<\/p>\n<\/section>","protected":false},"excerpt":{"rendered":"<p>[vc_row equal_height=\u00bbyes\u00bb content_placement=\u00bbtop\u00bb][vc_column width=\u00bb1\/2&#8243;][vc_single_image image=\u00bb388&#8243; img_size=\u00bbfull\u00bb alignment=\u00bbcenter\u00bb][\/vc_column][vc_column width=\u00bb1\/2&#8243;][vc_column_text]Nuestro trabajo ocupa una amplia gama de disciplinas arquitect\u00f3nicas, desde la planificaci\u00f3n urbana hasta la rehabilitaci\u00f3n de edificios. Por esta raz\u00f3n, somos una empresa con vocaci\u00f3n cooperativa con una amplia red de colaboradores. Creemos que para un buen resultado en nuestro trabajo se<\/p>\n<div class=\"post-button\">\n\t\t\t   <a href=\"https:\/\/joanalomar.com\/es\/about\/\">Read More<\/a>\n\t\t\t<\/div>\n","protected":false},"author":1,"featured_media":0,"parent":0,"menu_order":0,"comment_status":"closed","ping_status":"open","template":"template-page.php","meta":[],"_links":{"self":[{"href":"https:\/\/joanalomar.com\/es\/wp-json\/wp\/v2\/pages\/491"}],"collection":[{"href":"https:\/\/joanalomar.com\/es\/wp-json\/wp\/v2\/pages"}],"about":[{"href":"https:\/\/joanalomar.com\/es\/wp-json\/wp\/v2\/types\/page"}],"author":[{"embeddable":true,"href":"https:\/\/joanalomar.com\/es\/wp-json\/wp\/v2\/users\/1"}],"replies":[{"embeddable":true,"href":"https:\/\/joanalomar.com\/es\/wp-json\/wp\/v2\/comments?post=491"}],"version-history":[{"count":1,"href":"https:\/\/joanalomar.com\/es\/wp-json\/wp\/v2\/pages\/491\/revisions"}],"predecessor-version":[{"id":5233,"href":"https:\/\/joanalomar.com\/es\/wp-json\/wp\/v2\/pages\/491\/revisions\/5233"}],"wp:attachment":[{"href":"https:\/\/joanalomar.com\/es\/wp-json\/wp\/v2\/media?parent=491"}],"curies":[{"name":"wp","href":"https:\/\/api.w.org\/{rel}","templated":true}]}}