{"id":5007,"date":"2023-05-30T08:48:36","date_gmt":"2023-05-30T08:48:36","guid":{"rendered":"https:\/\/joanalomar.com\/?page_id=5007"},"modified":"2023-05-30T11:44:03","modified_gmt":"2023-05-30T11:44:03","slug":"declaracion-de-accesibilidad","status":"publish","type":"page","link":"https:\/\/joanalomar.com\/es\/declaracion-de-accesibilidad\/","title":{"rendered":"Declaraci\u00f3n de accesibilidad"},"content":{"rendered":"<section class=\"wpb-content-wrapper\"><p>[vc_row][vc_column][vc_empty_space height=\u00bb100px\u00bb][vc_column_text]<\/p>\n<h1 data-pm-slice=\"1 1 []\"><strong>Declaraci\u00f3n de accesibilidad<\/strong><\/h1>\n<p>&nbsp;<\/p>\n<p><strong>Joan Alomar se compromete a hacer accesible <u><a class=\"ProsemirrorEditor-link\" href=\"https:\/\/joanalomar.com\/es\/\">https:\/\/joanalomar.com\/es\/<\/a><\/u> de acuerdo<\/strong><\/p>\n<p><strong> con el Real Decreto 1112\/2018, de 7 de septiembre, sobre accesibilidad de los sitios web y aplicaciones del sector p\u00fablico para dispositivos m\u00f3viles.<\/strong><\/p>\n<p><strong>La presente declaraci\u00f3n de accesibilidad es de aplicaci\u00f3n al sitio web <u><a class=\"ProsemirrorEditor-link\" href=\"https:\/\/joanalomar.com\/es\/\">https:\/\/joanalomar.com\/es\/<\/a><\/u><\/strong><\/p>\n<p><strong>Este sitio web cumple \u00edntegramente con el RD 1112\/2018.<\/strong>[\/vc_column_text][\/vc_column][\/vc_row][vc_row][vc_column][vc_empty_space][\/vc_column][\/vc_row]<\/p>\n<\/section>","protected":false},"excerpt":{"rendered":"<p>[vc_row][vc_column][vc_empty_space height=\u00bb100px\u00bb][vc_column_text] Declaraci\u00f3n de accesibilidad &nbsp; Joan Alomar se compromete a hacer accesible https:\/\/joanalomar.com\/es\/ de acuerdo con el Real Decreto 1112\/2018, de 7 de septiembre, sobre accesibilidad de los sitios web y aplicaciones del sector p\u00fablico para dispositivos m\u00f3viles. La presente declaraci\u00f3n de accesibilidad es de aplicaci\u00f3n al sitio web<\/p>\n<div class=\"post-button\">\n\t\t\t   <a href=\"https:\/\/joanalomar.com\/es\/declaracion-de-accesibilidad\/\">Read More<\/a>\n\t\t\t<\/div>\n","protected":false},"author":2,"featured_media":0,"parent":0,"menu_order":0,"comment_status":"closed","ping_status":"closed","template":"template-page.php","meta":[],"_links":{"self":[{"href":"https:\/\/joanalomar.com\/es\/wp-json\/wp\/v2\/pages\/5007"}],"collection":[{"href":"https:\/\/joanalomar.com\/es\/wp-json\/wp\/v2\/pages"}],"about":[{"href":"https:\/\/joanalomar.com\/es\/wp-json\/wp\/v2\/types\/page"}],"author":[{"embeddable":true,"href":"https:\/\/joanalomar.com\/es\/wp-json\/wp\/v2\/users\/2"}],"replies":[{"embeddable":true,"href":"https:\/\/joanalomar.com\/es\/wp-json\/wp\/v2\/comments?post=5007"}],"version-history":[{"count":0,"href":"https:\/\/joanalomar.com\/es\/wp-json\/wp\/v2\/pages\/5007\/revisions"}],"wp:attachment":[{"href":"https:\/\/joanalomar.com\/es\/wp-json\/wp\/v2\/media?parent=5007"}],"curies":[{"name":"wp","href":"https:\/\/api.w.org\/{rel}","templated":true}]}}